{"id":5693,"date":"2026-02-10T10:51:23","date_gmt":"2026-02-10T09:51:23","guid":{"rendered":"https:\/\/spzoz-siedlce.pl\/kuchnia\/?page_id=5693"},"modified":"2026-02-10T10:51:23","modified_gmt":"2026-02-10T09:51:23","slug":"wyniki-badan-laboratoryjnych","status":"publish","type":"page","link":"https:\/\/spzoz-siedlce.pl\/kuchnia\/index.php\/wyniki-badan-laboratoryjnych\/","title":{"rendered":"Wyniki bada\u0144 laboratoryjnych"},"content":{"rendered":"\n<p><br>Wyniki bada\u0144 laboratoryjnych, kt\u00f3re maj\u0105 na celu potwierdzenie w wybranym ca\u0142odobowym zestawie \u017cywieniowym zgodno\u015bci warto\u015bci od\u017cywczej i energetycznej publikowane b\u0119d\u0105 raz w roku.<\/p>\n\n\n\n<p><\/p>\n","protected":false},"excerpt":{"rendered":"<p>Wyniki bada\u0144 laboratoryjnych, kt\u00f3re maj\u0105 na celu potwierdzenie w wybranym ca\u0142odobowym zestawie \u017cywieniowym zgodno\u015bci warto\u015bci&#8230;<\/p>\n","protected":false},"author":1,"featured_media":0,"parent":0,"menu_order":0,"comment_status":"closed","ping_status":"closed","template":"","meta":{"footnotes":""},"class_list":["post-5693","page","type-page","status-publish","hentry"],"_links":{"self":[{"href":"https:\/\/spzoz-siedlce.pl\/kuchnia\/index.php\/wp-json\/wp\/v2\/pages\/5693","targetHints":{"allow":["GET"]}}],"collection":[{"href":"https:\/\/spzoz-siedlce.pl\/kuchnia\/index.php\/wp-json\/wp\/v2\/pages"}],"about":[{"href":"https:\/\/spzoz-siedlce.pl\/kuchnia\/index.php\/wp-json\/wp\/v2\/types\/page"}],"author":[{"embeddable":true,"href":"https:\/\/spzoz-siedlce.pl\/kuchnia\/index.php\/wp-json\/wp\/v2\/users\/1"}],"replies":[{"embeddable":true,"href":"https:\/\/spzoz-siedlce.pl\/kuchnia\/index.php\/wp-json\/wp\/v2\/comments?post=5693"}],"version-history":[{"count":1,"href":"https:\/\/spzoz-siedlce.pl\/kuchnia\/index.php\/wp-json\/wp\/v2\/pages\/5693\/revisions"}],"predecessor-version":[{"id":5694,"href":"https:\/\/spzoz-siedlce.pl\/kuchnia\/index.php\/wp-json\/wp\/v2\/pages\/5693\/revisions\/5694"}],"wp:attachment":[{"href":"https:\/\/spzoz-siedlce.pl\/kuchnia\/index.php\/wp-json\/wp\/v2\/media?parent=5693"}],"curies":[{"name":"wp","href":"https:\/\/api.w.org\/{rel}","templated":true}]}}